{"id":199,"date":"2019-12-17T03:23:17","date_gmt":"2019-12-17T03:23:17","guid":{"rendered":"http:\/\/transvoice.se\/?page_id=199"},"modified":"2024-06-04T13:30:03","modified_gmt":"2024-06-04T11:30:03","slug":"new-customer","status":"publish","type":"page","link":"https:\/\/www.transvoice.se\/en\/new-customer\/","title":{"rendered":"New Customer"},"content":{"rendered":"<div id=\"tab-block_39197fca3d3ba30d38cd65c17aca9e1d\" class=\"tv-tab\">\r\n    <div class=\"tv-tab--heading  tv-tab--background_work-with-us tv-display-flex\">\r\n        <div class=\"tv-tab--heading_item\">\r\n            <div id=\"tv-tab--title\" class=\"tv-tab--title\" data-display=\"\">New Customer<\/div><div class=\"tv-tab--description\"><header><span class=\"body-4\">V\u00e4lkommen som ny kund hos oss!<\/span><br \/>\n<span class=\"body-4\">Fyll i formul\u00e4ret nedan s\u00e5 \u00e5terkommer vi med kundnummer och inloggningsuppgifter.<\/span><\/p>\n<p><span class=\"body-4\">OBS! Om ni vill l\u00e4gga till en ny best\u00e4llare\/kontaktperson till ett befintligt kundnummer s\u00e5 ska ni inte fylla i formul\u00e4ret. Logga ist\u00e4llet in p\u00e5 Kundportalen och i samband med att ni skapar uppdrag s\u00e5 l\u00e4gger ni till ny best\u00e4llare\/kontaktperson. Ni kan ocks\u00e5 ringa v\u00e5r kundtj\u00e4nst alternativt mejla namn och kundnummer till info@transvoice s\u00e5 hj\u00e4lper vi er med det den v\u00e4gen.<\/span><\/p>\n<\/header>\n<\/div>        <\/div>\r\n        <div class=\"tv-tab--heading_item tv-tab--sidebox--wrapper\">\r\n\t\t            <\/div>\r\n\r\n    <\/div>\r\n\r\n    <!-- Tab panes -->\r\n    <div class=\"tv-tab-content\">\r\n        <div class=\"tv-tab--pane active  tv-background-tab--5\">\r\n            \r\n<div class=\"tv-block tv-display-flex\">\r\n    <div class=\"tv-block-left  tv-display-flex\"\r\n        style=\"flex: 50%;\"    >\r\n        <div class=\"tv-block--list tv-display-flex tv-block--list_align_center\">\r\n\t        <div class=\"tv-block--form-wrapper tv-block_padding-left\">\r\n    <div class=\"h4 no-margins\">\r\n        New Customer    <\/div>\r\n    \r\n<form id=\"new-customer_69f5bfd49822a\"\r\n      data-nonce=\"b19f8dea4f\" data-type=\"new-customer\" data-message=\"Thanks. We will get back to you within 24 hours. If you have any questions, call 0771-45 50 10 or email info@transvoice.se\" class=\"tv-form\" action=\"\">\r\n    <div class=\"tv-new-customer-form\">\r\n        <div class=\"tv-bootstrap-row\">\r\n            <div class=\"tv-display-flex justify-start tv-bootstrap-col-12\">\r\n                <p class=\"mt\"><strong>Information about the company<\/strong><\/p>\r\n            <\/div>\r\n        <\/div>\r\n        <div class=\"tv-bootstrap-row\">\r\n            <div class=\"tv-bootstrap-col-lg-6 tv-form--fields-item tv-form--bootstrap\">\r\n                <label for=\"company-69f5bfd49822a\" data-name=\"company\">Company\/Unit <span class=\"tv-form--asterisk\">*<\/span><\/label>\r\n                <input type=\"text\" id=\"company-69f5bfd49822a\" name=\"company\" placeholder=\"Your company\/unit name\"  required>\r\n            <\/div>\r\n            <div class=\"tv-bootstrap-col-lg-6 tv-form--fields-item tv-form--bootstrap\">\r\n                <label for=\"corporate-identity-number-69f5bfd49822a\" data-name=\"corporate-identity-number\">Organization number <span class=\"tv-form--asterisk\">*<\/span><\/label>\r\n                <input type=\"text\" id=\"corporate-identity-number-69f5bfd49822a\" name=\"corporate-identity-number\" placeholder=\"Input corporate identity number\" required>\r\n            <\/div>\r\n        <\/div>\r\n\r\n        <div class=\"tv-bootstrap-row\">\r\n            <div class=\"tv-bootstrap-col-6 tv-form--fields-item tv-form--bootstrap\">\r\n                <label for=\"visiting-address-69f5bfd49822a\" data-name=\"visiting-address\" >Visiting Address <span class=\"tv-form--asterisk\">*<\/span><\/label>\r\n                <input type=\"text\" id=\"visiting-address-69f5bfd49822a\" name=\"visiting-address\" placeholder=\"Input your visiting address\"  required>\r\n            <\/div>\r\n            <div class=\"tv-bootstrap-col-6 tv-form--fields-item tv-form--bootstrap\">\r\n                <label for=\"postal-code-69f5bfd49822a\" data-name=\"postal-code\" >Postal number <span class=\"tv-form--asterisk\">*<\/span><\/label>\r\n                <input type=\"text\" id=\"postal-code-69f5bfd49822a\" name=\"postal-code\" placeholder=\"Ex: 10000\"  required>\r\n            <\/div>\r\n        <\/div>\r\n\r\n        <div class=\"tv-bootstrap-row\">\r\n            <div class=\"tv-bootstrap-col-6 tv-form--fields-item tv-form--bootstrap\">\r\n                <label for=\"city-69f5bfd49822a\" data-name=\"city\" >Postal area <span class=\"tv-form--asterisk\">*<\/span><\/label>\r\n                <input type=\"text\" id=\"city-69f5bfd49822a\" name=\"city\" placeholder=\"Input postal area\"  required>\r\n            <\/div>\r\n        <\/div>\r\n\r\n        <div class=\"tv-bootstrap-row\">\r\n            <div class=\"tv-bootstrap-col-12 tv-form--fields-item tv-form--bootstrap\">\r\n                <label for=\"invoice-address-69f5bfd49822a\" data-name=\"invoice-address\">Invoice Address <span class=\"tv-form--asterisk\">*<\/span><\/label>\r\n                <input type=\"text\" id=\"invoice-address-69f5bfd49822a\" name=\"invoice-address\" placeholder=\"Input your invoice address\" required>\r\n            <\/div>\r\n        <\/div>\r\n\r\n        <div class=\"tv-bootstrap-row\">\r\n            <div class=\"tv-display-flex justify-start tv-bootstrap-col-12\">\r\n                <p class=\"mt\"><strong>Details of contact person<\/strong><\/p>\r\n            <\/div>\r\n        <\/div>\r\n        <div class=\"tv-bootstrap-row\">\r\n            <div class=\"tv-bootstrap-col-lg-6 tv-form--fields-item tv-form--bootstrap\">\r\n                <label for=\"name-69f5bfd49822a\" data-name=\"name\">First and last name <span class=\"tv-form--asterisk\">*<\/span><\/label>\r\n                <input type=\"text\" id=\"name-69f5bfd49822a\" name=\"name\" placeholder=\"John Doe\"  required>\r\n            <\/div>\r\n            <div class=\"tv-bootstrap-col-lg-6 tv-form--fields-item tv-form--bootstrap\">\r\n                <label for=\"phone-69f5bfd49822a\" data-name=\"phone\">Phone <span class=\"tv-form--asterisk\">*<\/span><\/label>\r\n                <input type=\"tel\" inputmode=\"numeric\" pattern=\"[0-9]*\" id=\"phone-69f5bfd49822a\" name=\"phone\" placeholder=\"Example: 0888 99 99 99\"  required>\r\n            <\/div>\r\n        <\/div>\r\n        <div class=\"tv-bootstrap-row\">\r\n            <div class=\"tv-bootstrap-col-lg-6 tv-form--fields-item tv-form--bootstrap\">\r\n                <label for=\"email-69f5bfd49822a\" data-name=\"email\">Email address <span class=\"tv-form--asterisk\">*<\/span><\/label>\r\n                <input type=\"email\" id=\"email-69f5bfd49822a\" name=\"email\" placeholder=\"user@domain.com\"  required>\r\n            <\/div>\r\n        <\/div>\r\n\r\n        <div class=\"tv-form--fields-item tv-full tv-display-flex\">\r\n            <label for=\"message-69f5bfd49822a\" data-name=\"message\">Message<\/label>\r\n            <textarea id=\"message-69f5bfd49822a\" name=\"message\" placeholder=\"I would like to...\"><\/textarea>\r\n        <\/div>\r\n\r\n        <div class=\"tv-bootstrap-row\">\r\n            <div class=\"tv-bootstrap-col-12 tv-form--fields-item tv-form--bootstrap tv-buttons--wrapper\">\r\n                <button class=\"tv-buttons tv-buttons--primary tv-buttons_padding tv-form--submit tv-display-flex\" type=\"submit\" data-form=\"new-customer_69f5bfd49822a\">\r\n                    <i class=\"icon-spinner-animation\"><\/i><span class=\"tv-buttons--text\">Submit<\/span>\r\n                <\/button>\r\n            <\/div>\r\n        <\/div>\r\n    <\/div>\r\n    <div  class=\"tv-clear-both\" ><\/div>\r\n<input type=\"hidden\" name=\"trp-form-language\" value=\"en\"\/><\/form>\r\n<\/div>        <\/div>\r\n    <\/div>\r\n    <div class=\"tv-block-right  tv-display-flex\"\r\n\t    style=\"flex: 50%;\"    >\r\n        <div class=\"tv-block--list tv-display-flex tv-block--list_align_top\">\r\n\t        \r\n<div class=\"tv-block--image tv-display-flex tv-block_padding-left tv-background--bg-none\">\r\n    <img decoding=\"async\" class=\"\"\r\n\t\t src=\"https:\/\/www.transvoice.se\/app\/uploads\/2019\/12\/estate-agents-what-are-you-paying-for.jpg\"\r\n         alt=\"\">\r\n<\/div>        <\/div>\r\n    <\/div>\r\n<\/div>        <\/div>\r\n        <div style=\"clear: both;\"><\/div>\r\n    <\/div>\r\n<\/div>","protected":false},"excerpt":{"rendered":"","protected":false},"author":2,"featured_media":0,"parent":0,"menu_order":0,"comment_status":"closed","ping_status":"closed","template":"","meta":{"_acf_changed":false,"footnotes":""},"acf":[],"yoast_head":"<!-- This site is optimized with the Yoast SEO plugin v22.9 - https:\/\/yoast.com\/wordpress\/plugins\/seo\/ -->\n<title>Ny kund &#8211; Transvoice<\/title>\n<meta name=\"robots\" content=\"index, follow, max-snippet:-1, max-image-preview:large, max-video-preview:-1\" \/>\n<link rel=\"canonical\" href=\"https:\/\/www.transvoice.se\/en\/new-customer\/\" \/>\n<meta property=\"og:locale\" content=\"en_GB\" \/>\n<meta property=\"og:type\" content=\"article\" \/>\n<meta property=\"og:title\" content=\"Ny kund &#8211; Transvoice\" \/>\n<meta property=\"og:url\" content=\"https:\/\/www.transvoice.se\/en\/new-customer\/\" \/>\n<meta property=\"og:site_name\" content=\"Transvoice\" \/>\n<meta property=\"article:modified_time\" content=\"2024-06-04T11:30:03+00:00\" \/>\n<meta name=\"twitter:card\" content=\"summary_large_image\" \/>\n<script type=\"application\/ld+json\" class=\"yoast-schema-graph\">{\"@context\":\"https:\/\/schema.org\",\"@graph\":[{\"@type\":\"WebPage\",\"@id\":\"https:\/\/www.transvoice.se\/new-customer\/\",\"url\":\"https:\/\/www.transvoice.se\/new-customer\/\",\"name\":\"Ny kund &#8211; Transvoice\",\"isPartOf\":{\"@id\":\"https:\/\/www.transvoice.se\/#website\"},\"datePublished\":\"2019-12-17T03:23:17+00:00\",\"dateModified\":\"2024-06-04T11:30:03+00:00\",\"breadcrumb\":{\"@id\":\"https:\/\/www.transvoice.se\/new-customer\/#breadcrumb\"},\"inLanguage\":\"en-GB\",\"potentialAction\":[{\"@type\":\"ReadAction\",\"target\":[\"https:\/\/www.transvoice.se\/new-customer\/\"]}]},{\"@type\":\"BreadcrumbList\",\"@id\":\"https:\/\/www.transvoice.se\/new-customer\/#breadcrumb\",\"itemListElement\":[{\"@type\":\"ListItem\",\"position\":1,\"name\":\"Home\",\"item\":\"https:\/\/www.transvoice.se\/\"},{\"@type\":\"ListItem\",\"position\":2,\"name\":\"Ny kund\"}]},{\"@type\":\"WebSite\",\"@id\":\"https:\/\/www.transvoice.se\/#website\",\"url\":\"https:\/\/www.transvoice.se\/\",\"name\":\"Transvoice Public Stage\",\"description\":\"Tolkning &amp; \u00f6vers\u00e4ttning\",\"publisher\":{\"@id\":\"https:\/\/www.transvoice.se\/#organization\"},\"potentialAction\":[{\"@type\":\"SearchAction\",\"target\":{\"@type\":\"EntryPoint\",\"urlTemplate\":\"https:\/\/www.transvoice.se\/?s={search_term_string}\"},\"query-input\":\"required name=search_term_string\"}],\"inLanguage\":\"en-GB\"},{\"@type\":\"Organization\",\"@id\":\"https:\/\/www.transvoice.se\/#organization\",\"name\":\"Transvoice\",\"url\":\"https:\/\/www.transvoice.se\/\",\"logo\":{\"@type\":\"ImageObject\",\"inLanguage\":\"en-GB\",\"@id\":\"https:\/\/www.transvoice.se\/#\/schema\/logo\/image\/\",\"url\":\"http:\/\/transvoice.se\/wp-content\/uploads\/2020\/03\/Transvoice_logotyp2.png\",\"contentUrl\":\"http:\/\/transvoice.se\/wp-content\/uploads\/2020\/03\/Transvoice_logotyp2.png\",\"width\":1835,\"height\":498,\"caption\":\"Transvoice\"},\"image\":{\"@id\":\"https:\/\/www.transvoice.se\/#\/schema\/logo\/image\/\"},\"sameAs\":[\"https:\/\/www.instagram.com\/transvoice.se\/\",\"https:\/\/www.linkedin.com\/company\/transvoice-ab?trk=top_nav_home\"]}]}<\/script>\n<!-- \/ Yoast SEO plugin. -->","yoast_head_json":{"title":"Ny kund &#8211; Transvoice","robots":{"index":"index","follow":"follow","max-snippet":"max-snippet:-1","max-image-preview":"max-image-preview:large","max-video-preview":"max-video-preview:-1"},"canonical":"https:\/\/www.transvoice.se\/en\/new-customer\/","og_locale":"en_GB","og_type":"article","og_title":"Ny kund &#8211; Transvoice","og_url":"https:\/\/www.transvoice.se\/en\/new-customer\/","og_site_name":"Transvoice","article_modified_time":"2024-06-04T11:30:03+00:00","twitter_card":"summary_large_image","schema":{"@context":"https:\/\/schema.org","@graph":[{"@type":"WebPage","@id":"https:\/\/www.transvoice.se\/new-customer\/","url":"https:\/\/www.transvoice.se\/new-customer\/","name":"Ny kund &#8211; Transvoice","isPartOf":{"@id":"https:\/\/www.transvoice.se\/#website"},"datePublished":"2019-12-17T03:23:17+00:00","dateModified":"2024-06-04T11:30:03+00:00","breadcrumb":{"@id":"https:\/\/www.transvoice.se\/new-customer\/#breadcrumb"},"inLanguage":"en-GB","potentialAction":[{"@type":"ReadAction","target":["https:\/\/www.transvoice.se\/new-customer\/"]}]},{"@type":"BreadcrumbList","@id":"https:\/\/www.transvoice.se\/new-customer\/#breadcrumb","itemListElement":[{"@type":"ListItem","position":1,"name":"Home","item":"https:\/\/www.transvoice.se\/"},{"@type":"ListItem","position":2,"name":"Ny kund"}]},{"@type":"WebSite","@id":"https:\/\/www.transvoice.se\/#website","url":"https:\/\/www.transvoice.se\/","name":"Transvoice Public Stage","description":"Tolkning &amp; \u00f6vers\u00e4ttning","publisher":{"@id":"https:\/\/www.transvoice.se\/#organization"},"potentialAction":[{"@type":"SearchAction","target":{"@type":"EntryPoint","urlTemplate":"https:\/\/www.transvoice.se\/?s={search_term_string}"},"query-input":"required name=search_term_string"}],"inLanguage":"en-GB"},{"@type":"Organization","@id":"https:\/\/www.transvoice.se\/#organization","name":"Transvoice","url":"https:\/\/www.transvoice.se\/","logo":{"@type":"ImageObject","inLanguage":"en-GB","@id":"https:\/\/www.transvoice.se\/#\/schema\/logo\/image\/","url":"http:\/\/transvoice.se\/wp-content\/uploads\/2020\/03\/Transvoice_logotyp2.png","contentUrl":"http:\/\/transvoice.se\/wp-content\/uploads\/2020\/03\/Transvoice_logotyp2.png","width":1835,"height":498,"caption":"Transvoice"},"image":{"@id":"https:\/\/www.transvoice.se\/#\/schema\/logo\/image\/"},"sameAs":["https:\/\/www.instagram.com\/transvoice.se\/","https:\/\/www.linkedin.com\/company\/transvoice-ab?trk=top_nav_home"]}]}},"_links":{"self":[{"href":"https:\/\/www.transvoice.se\/en\/wp-json\/wp\/v2\/pages\/199"}],"collection":[{"href":"https:\/\/www.transvoice.se\/en\/wp-json\/wp\/v2\/pages"}],"about":[{"href":"https:\/\/www.transvoice.se\/en\/wp-json\/wp\/v2\/types\/page"}],"author":[{"embeddable":true,"href":"https:\/\/www.transvoice.se\/en\/wp-json\/wp\/v2\/users\/2"}],"replies":[{"embeddable":true,"href":"https:\/\/www.transvoice.se\/en\/wp-json\/wp\/v2\/comments?post=199"}],"version-history":[{"count":52,"href":"https:\/\/www.transvoice.se\/en\/wp-json\/wp\/v2\/pages\/199\/revisions"}],"predecessor-version":[{"id":2389,"href":"https:\/\/www.transvoice.se\/en\/wp-json\/wp\/v2\/pages\/199\/revisions\/2389"}],"wp:attachment":[{"href":"https:\/\/www.transvoice.se\/en\/wp-json\/wp\/v2\/media?parent=199"}],"curies":[{"name":"wp","href":"https:\/\/api.w.org\/{rel}","templated":true}]}}