{"id":2,"date":"2019-11-21T11:01:39","date_gmt":"2019-11-21T11:01:39","guid":{"rendered":"http:\/\/transvoice.se\/"},"modified":"2026-02-16T11:10:37","modified_gmt":"2026-02-16T10:10:37","slug":"startsida","status":"publish","type":"page","link":"https:\/\/www.transvoice.se\/en\/","title":{"rendered":"Transvoice"},"content":{"rendered":"<div class=\"tv--hero\">\n\t\t\t<div class=\"tv--hero-title\">\n\t\t\t<h1>We know what we're talking about<\/h1>\n\t\t\t<div class=\"tv--hero-title-corner tv--hero-title-corner--top\">\n        <div>\n          <svg xmlns=\"http:\/\/www.w3.org\/2000\/svg\" viewbox=\"0 0 94.021 87.115\">\n  <path id=\"Path_27\" data-name=\"Path 27\" d=\"M0,0V23.06H69.289V87.115h24.7L94.021,0Z\" transform=\"translate(0 0)\" fill=\"currentColor\"\/>\n<\/svg>\n        <\/div>\n\t\t\t<\/div>\n\t\t\t<div class=\"tv--hero-title-corner tv--hero-title-corner--bottom\">\n        <div>\n\t\t\t\t\t<svg xmlns=\"http:\/\/www.w3.org\/2000\/svg\" viewbox=\"0 0 95.329 87.001\">\n  <g id=\"Group_6\" data-name=\"Group 6\" transform=\"translate(0 0)\">\n    <path id=\"Path_19\" data-name=\"Path 19\" d=\"M46.808,63.886,27.61,87H95.329V63.886Z\" fill=\"currentColor\"\/>\n    <path id=\"Path_20\" data-name=\"Path 20\" d=\"M0,0V87H27.432L27.4,0Z\" fill=\"currentColor\"\/>\n  <\/g>\n<\/svg>\n        <\/div>\n\t\t\t<\/div>\n\t\t<\/div>\n\t\t\t\t<a href=\"https:\/\/www.transvoice.se\/en\/vara-tjanster\/\" class=\"tv-buttons tv-buttons--primary\">Read more here<\/a>\n\t\t\t\t<video class=\"tv--hero-video\" autoplay muted loop playsinline>\n\t\t\t<source src=\"https:\/\/www.transvoice.se\/app\/uploads\/2024\/06\/hero_video.webm\" type=\"video\/webm\">\n\t\t<\/video>\n\t\t\n<\/div>\n\n\n\n<div class=\"tv--one-column\" style=\"background-color:#190C3A;color:#E4D7FF\">\n  <div class=\"tv--one-column__inner\">\n                            <div class=\"tv--one-column__text\">\n            <h4 style=\"text-align: center;\"><span class=\"body-4\">Our services<\/span><\/h4>\n<p style=\"text-align: center;\">With more than 50 years of experience delivering language services to the public sector, we are experts in bridging language barriers. We do more than speak. We master communication \u2013 from human interpreting and translation to data training and validation for AI powered interpreting.<br \/>\nIs language your limitation?<\/p>\n          <\/div>\n                                <div class=\"tv--one-column__button\">\n            <a href=\"https:\/\/www.transvoice.se\/en\/vara-tjanster\/\" class=\"tv-buttons tv-buttons--light\">\n              Read more here            <\/a>\n          <\/div>\n                    <\/div>\n<\/div>\n\n\n<div class=\"tv--services-columns\">\n                    <div class=\"tv--services-columns__column tv--image-mask\">\n          <div>\n                          <div class=\"tv--services-columns__image\">\n                <img decoding=\"async\" src=\"https:\/\/www.transvoice.se\/app\/uploads\/2024\/06\/transvoice-illustration3.svg\" alt=\"\">\n              <\/div>\n                                      <h3 class=\"tv--services-columns__title\">Interpreter<\/h3>\n                                      <p class=\"body-4 tv--services-columns__description\">We match your requirements with the most suitable professional interpreter within\n10 seconds. <br \/>\r\n10 sekunder.<\/p>\n                      <\/div>\n                      <a href=\"https:\/\/www.transvoice.se\/en\/vara-tjanster\/#tolk\" class=\"tv-buttons tv-buttons--primary\">\n              Read more            <\/a>\n                  <\/div>\n                        <div class=\"tv--services-columns__column tv--image-mask\">\n          <div>\n                          <div class=\"tv--services-columns__image\">\n                <img decoding=\"async\" src=\"https:\/\/www.transvoice.se\/app\/uploads\/2024\/06\/transvoice-illustration4.svg\" alt=\"\">\n              <\/div>\n                                      <h3 class=\"tv--services-columns__title\">Translation<\/h3>\n                                      <p class=\"body-4 tv--services-columns__description\">We offer professional translations and language reviews as well as the design of texts and materials. <\/p>\n                      <\/div>\n                      <a href=\"https:\/\/www.transvoice.se\/en\/vara-tjanster\/#oversatta\" class=\"tv-buttons tv-buttons--primary\">\n              Read more            <\/a>\n                  <\/div>\n                        <div class=\"tv--services-columns__column tv--image-mask\">\n          <div>\n                          <div class=\"tv--services-columns__image\">\n                <img decoding=\"async\" src=\"https:\/\/www.transvoice.se\/app\/uploads\/2024\/06\/transvoice-illustration2.svg\" alt=\"\">\n              <\/div>\n                                      <h3 class=\"tv--services-columns__title\">Message service<\/h3>\n                                      <p class=\"body-4 tv--services-columns__description\">Do you need help conveying a message? Send a telegram or message quickly and smoothly in the recipient's own language. <\/p>\n                      <\/div>\n                      <a href=\"https:\/\/www.transvoice.se\/en\/vara-tjanster\/#meddelandeservice\" class=\"tv-buttons tv-buttons--primary\">\n              Read more            <\/a>\n                  <\/div>\n            <\/div>\n\n\n\n<div class=\"tv--two-columns tv--two-columns__right\" style=\"background-color:#ece4ff;color:#190c3a\">\n  <div class=\"tv--two-columns__inner\">\n    <div class=\"tv--two-columns__image\">\n              <img decoding=\"async\" src=\"https:\/\/www.transvoice.se\/app\/uploads\/2024\/06\/phones.png\" alt=\"\">\n          <\/div>\n    <div class=\"tv--two-columns__content\">\n                                    <div class=\"tv--one-column__text\">\n              <h3>Smooth booking<\/h3>\n<p>In the Tolk! app you get quick and easy access to Sweden's widest network of qualified interpreters. Easily book an interpreter in advance or on-demand within 10 seconds. It\u2019s never been easier to find an interpreter!<\/p>\n            <\/div>\n                                        <div class=\"tv--one-column__button\">\n              <a href=\"https:\/\/www.transvoice.se\/en\/vara-tjanster\/\" class=\"tv-buttons tv-buttons--primary\">\n                Read more              <\/a>\n            <\/div>\n                            <\/div>\n  <\/div>\n<\/div>\n\n\n\n<div class=\"tv--one-column tv--pattern\" style=\"background-color:#190C3A;color:#f4470b\">\n  <div class=\"tv--one-column__inner\">\n                            <div class=\"tv--one-column__text\">\n            <h4 style=\"text-align: center;\"><span class=\"body-4\">About us<\/span><\/h4>\n<p style=\"text-align: center;\">In every voice there is a story worth telling.<br \/>\nIn every voice there is a story worth telling.\nWe enable communication that changes lives. Transvoice is your reliable partner for smart language services.<\/p>\n          <\/div>\n                                <div class=\"tv--one-column__button\">\n            <a href=\"https:\/\/www.transvoice.se\/en\/om-oss\/\" class=\"tv-buttons tv-buttons--secondary\">\n              Read more here            <\/a>\n          <\/div>\n                    <\/div>\n<\/div>\n\n\n<section id=\"tv-client-block_fb2c55bf6cc2f8e33fbf33271da5c16d\" class=\"tv-client tv-display-flex\" style=\"background-color:#E4D7FF;\">\r\n    <div class=\"tv-client--feedback\">\r\n        <div class=\"tv-block tv-display-flex\">\r\n            <div class=\"tv-block-left  tv-display-flex\" style=\"flex: 50%;\">\r\n                <div class=\"tv-block--list tv-display-flex tv-client--feedback-des\">\r\n                  <div class=\"tv-client--qoute\">\r\n                      <div class=\"tv-client--feedback-corner-top\">\r\n                        <div>\r\n                          <svg xmlns=\"http:\/\/www.w3.org\/2000\/svg\" viewbox=\"0 0 94.021 87.115\">\n  <path id=\"Path_27\" data-name=\"Path 27\" d=\"M0,0V23.06H69.289V87.115h24.7L94.021,0Z\" transform=\"translate(0 0)\" fill=\"currentColor\"\/>\n<\/svg>\n                        <\/div>\r\n                      <\/div>\r\n                      <div class=\"tv-client--feedback-corner-bottom\">\r\n                        <div>\r\n                          <svg xmlns=\"http:\/\/www.w3.org\/2000\/svg\" viewbox=\"0 0 95.329 87.001\">\n  <g id=\"Group_6\" data-name=\"Group 6\" transform=\"translate(0 0)\">\n    <path id=\"Path_19\" data-name=\"Path 19\" d=\"M46.808,63.886,27.61,87H95.329V63.886Z\" fill=\"currentColor\"\/>\n    <path id=\"Path_20\" data-name=\"Path 20\" d=\"M0,0V87H27.432L27.4,0Z\" fill=\"currentColor\"\/>\n  <\/g>\n<\/svg>\n                        <\/div>\r\n                      <\/div>\r\n                      <div class=\"tv-client--feedback-text\">\r\n              \u201cTransvoice maintains high quality and always delivers with an impressive speed. J\u00e4rf\u00e4lla parish lets Transvoice continuously translate information as well as forms and subtitles. We recommend everyone takes advantage of their affordable skills.\u201d                      <\/div>\r\n                    <\/div>\r\n                    <div class=\"tv-client--feedback-name\">\r\n\t\t\t\t\t\tJessica Kempka                    <\/div>\r\n                    <div class=\"tv-client--feedback-position\">\r\n\t\t\t\t\t\tJ\u00e4rf\u00e4lla parish                    <\/div>\r\n                <\/div>\r\n            <\/div>\r\n            <div class=\"tv-block-right  tv-display-flex\" style=\"flex: 50%;\">\r\n                <div class=\"tv-block--list tv-display-flex\">\r\n                    <div class=\"tv--image-mask\">\r\n                        \r\n<div class=\"tv-block--image tv-display-flex none\">\r\n    <img decoding=\"async\" class=\"\"\r\n\t\t src=\"https:\/\/www.transvoice.se\/app\/uploads\/2024\/05\/client_jessica.jpg\"\r\n         alt=\"\">\r\n<\/div>                    <\/div>\r\n                <\/div>\r\n            <\/div>\r\n        <\/div>\r\n    <\/div>\r\n<\/section>\r\n\r\n<section class=\"tv-client tv-client--icons-section tv-display-flex\">\r\n    <p class=\"tv-client--icons-title\">We interpret<\/p>\r\n    <div class=\"tv-client--icons\">\r\n        <ul class=\"tv-client--icons_list\">\r\n\t\t\t                <li class=\"tv-client--icon tv-client--icons_item-first\">\r\n                    <div class=\"tv-client--icon-wrapper\">\r\n                        <img decoding=\"async\" class=\"\" src=\"https:\/\/www.transvoice.se\/app\/uploads\/2022\/04\/nedladdning-300x107.png\"\r\n                             alt=\"\"\/>\r\n                    <\/div>\r\n                <\/li>\r\n\t\t\t                <li class=\"tv-client--icon tv-client--icons_item\">\r\n                    <div class=\"tv-client--icon-wrapper\">\r\n                        <img decoding=\"async\" class=\"\" src=\"https:\/\/www.transvoice.se\/app\/uploads\/2022\/11\/share_default-300x158.png\"\r\n                             alt=\"\"\/>\r\n                    <\/div>\r\n                <\/li>\r\n\t\t\t                <li class=\"tv-client--icon tv-client--icons_item\">\r\n                    <div class=\"tv-client--icon-wrapper\">\r\n                        <img decoding=\"async\" class=\"\" src=\"https:\/\/www.transvoice.se\/app\/uploads\/2022\/04\/213213-300x53.png\"\r\n                             alt=\"\"\/>\r\n                    <\/div>\r\n                <\/li>\r\n\t\t\t                <li class=\"tv-client--icon tv-client--icons_item\">\r\n                    <div class=\"tv-client--icon-wrapper\">\r\n                        <img decoding=\"async\" class=\"\" src=\"https:\/\/www.transvoice.se\/app\/uploads\/2022\/04\/wqdqwd-300x121.jpg\"\r\n                             alt=\"\"\/>\r\n                    <\/div>\r\n                <\/li>\r\n\t\t\t                <li class=\"tv-client--icon tv-client--icons_item\">\r\n                    <div class=\"tv-client--icon-wrapper\">\r\n                        <img decoding=\"async\" class=\"\" src=\"https:\/\/www.transvoice.se\/app\/uploads\/2020\/02\/eqwe-1-300x97.png\"\r\n                             alt=\"\"\/>\r\n                    <\/div>\r\n                <\/li>\r\n\t\t\t                <li class=\"tv-client--icon tv-client--icons_item\">\r\n                    <div class=\"tv-client--icon-wrapper\">\r\n                        <img decoding=\"async\" class=\"\" src=\"https:\/\/www.transvoice.se\/app\/uploads\/2020\/02\/SOS-1-1-300x158.jpg\"\r\n                             alt=\"\"\/>\r\n                    <\/div>\r\n                <\/li>\r\n\t\t\t                <li class=\"tv-client--icon tv-client--icons_item\">\r\n                    <div class=\"tv-client--icon-wrapper\">\r\n                        <img decoding=\"async\" class=\"\" src=\"https:\/\/www.transvoice.se\/app\/uploads\/2020\/02\/3-300x46.png\"\r\n                             alt=\"\"\/>\r\n                    <\/div>\r\n                <\/li>\r\n\t\t\t                <li class=\"tv-client--icon tv-client--icons_item\">\r\n                    <div class=\"tv-client--icon-wrapper\">\r\n                        <img decoding=\"async\" class=\"\" src=\"https:\/\/www.transvoice.se\/app\/uploads\/2022\/04\/nedladdning-1-300x37.png\"\r\n                             alt=\"\"\/>\r\n                    <\/div>\r\n                <\/li>\r\n\t\t\t        <\/ul>\r\n    <\/div>\r\n<\/section>","protected":false},"excerpt":{"rendered":"","protected":false},"author":2,"featured_media":0,"parent":0,"menu_order":0,"comment_status":"closed","ping_status":"open","template":"","meta":{"_acf_changed":false,"footnotes":""},"acf":[],"yoast_head":"<!-- This site is optimized with the Yoast SEO plugin v22.9 - https:\/\/yoast.com\/wordpress\/plugins\/seo\/ -->\n<title>Transvoice &#8211; Transvoice<\/title>\n<meta name=\"description\" content=\"Transvoice \u00e4r en tolkf\u00f6rmedling som f\u00f6rmedlar tolk och \u00f6vers\u00e4ttningar i hela landet. Transvoice huvudkontor ligger i Stockholm. Hos oss kan du f\u00e5 hj\u00e4lp med tolk dygnet runt!\" \/>\n<meta name=\"robots\" content=\"index, follow, max-snippet:-1, max-image-preview:large, max-video-preview:-1\" \/>\n<link rel=\"canonical\" href=\"https:\/\/www.transvoice.se\/en\/\" \/>\n<meta property=\"og:locale\" content=\"en_GB\" \/>\n<meta property=\"og:type\" content=\"article\" \/>\n<meta property=\"og:title\" content=\"Transvoice &#8211; Transvoice\" \/>\n<meta property=\"og:description\" content=\"Transvoice \u00e4r en tolkf\u00f6rmedling som f\u00f6rmedlar tolk och \u00f6vers\u00e4ttningar i hela landet. Transvoice huvudkontor ligger i Stockholm. Hos oss kan du f\u00e5 hj\u00e4lp med tolk dygnet runt!\" \/>\n<meta property=\"og:url\" content=\"https:\/\/www.transvoice.se\/en\/\" \/>\n<meta property=\"og:site_name\" content=\"Transvoice\" \/>\n<meta property=\"article:modified_time\" content=\"2026-02-16T10:10:37+00:00\" \/>\n<meta name=\"twitter:card\" content=\"summary_large_image\" \/>\n<script type=\"application\/ld+json\" class=\"yoast-schema-graph\">{\"@context\":\"https:\/\/schema.org\",\"@graph\":[{\"@type\":\"WebPage\",\"@id\":\"https:\/\/www.transvoice.se\/\",\"url\":\"https:\/\/www.transvoice.se\/\",\"name\":\"Transvoice &#8211; Transvoice\",\"isPartOf\":{\"@id\":\"https:\/\/www.transvoice.se\/#website\"},\"datePublished\":\"2019-11-21T11:01:39+00:00\",\"dateModified\":\"2026-02-16T10:10:37+00:00\",\"description\":\"Transvoice \u00e4r en tolkf\u00f6rmedling som f\u00f6rmedlar tolk och \u00f6vers\u00e4ttningar i hela landet. Transvoice huvudkontor ligger i Stockholm. Hos oss kan du f\u00e5 hj\u00e4lp med tolk dygnet runt!\",\"breadcrumb\":{\"@id\":\"https:\/\/www.transvoice.se\/#breadcrumb\"},\"inLanguage\":\"en-GB\",\"potentialAction\":[{\"@type\":\"ReadAction\",\"target\":[\"https:\/\/www.transvoice.se\/\"]}]},{\"@type\":\"BreadcrumbList\",\"@id\":\"https:\/\/www.transvoice.se\/#breadcrumb\",\"itemListElement\":[{\"@type\":\"ListItem\",\"position\":1,\"name\":\"Home\",\"item\":\"https:\/\/www.transvoice.se\/\"},{\"@type\":\"ListItem\",\"position\":2,\"name\":\"Transvoice\"}]},{\"@type\":\"WebSite\",\"@id\":\"https:\/\/www.transvoice.se\/#website\",\"url\":\"https:\/\/www.transvoice.se\/\",\"name\":\"Transvoice Public Stage\",\"description\":\"Tolkning &amp; \u00f6vers\u00e4ttning\",\"publisher\":{\"@id\":\"https:\/\/www.transvoice.se\/#organization\"},\"potentialAction\":[{\"@type\":\"SearchAction\",\"target\":{\"@type\":\"EntryPoint\",\"urlTemplate\":\"https:\/\/www.transvoice.se\/?s={search_term_string}\"},\"query-input\":\"required name=search_term_string\"}],\"inLanguage\":\"en-GB\"},{\"@type\":\"Organization\",\"@id\":\"https:\/\/www.transvoice.se\/#organization\",\"name\":\"Transvoice\",\"url\":\"https:\/\/www.transvoice.se\/\",\"logo\":{\"@type\":\"ImageObject\",\"inLanguage\":\"en-GB\",\"@id\":\"https:\/\/www.transvoice.se\/#\/schema\/logo\/image\/\",\"url\":\"http:\/\/transvoice.se\/wp-content\/uploads\/2020\/03\/Transvoice_logotyp2.png\",\"contentUrl\":\"http:\/\/transvoice.se\/wp-content\/uploads\/2020\/03\/Transvoice_logotyp2.png\",\"width\":1835,\"height\":498,\"caption\":\"Transvoice\"},\"image\":{\"@id\":\"https:\/\/www.transvoice.se\/#\/schema\/logo\/image\/\"},\"sameAs\":[\"https:\/\/www.instagram.com\/transvoice.se\/\",\"https:\/\/www.linkedin.com\/company\/transvoice-ab?trk=top_nav_home\"]}]}<\/script>\n<!-- \/ Yoast SEO plugin. -->","yoast_head_json":{"title":"Transvoice &#8211; Transvoice","description":"Transvoice \u00e4r en tolkf\u00f6rmedling som f\u00f6rmedlar tolk och \u00f6vers\u00e4ttningar i hela landet. Transvoice huvudkontor ligger i Stockholm. Hos oss kan du f\u00e5 hj\u00e4lp med tolk dygnet runt!","robots":{"index":"index","follow":"follow","max-snippet":"max-snippet:-1","max-image-preview":"max-image-preview:large","max-video-preview":"max-video-preview:-1"},"canonical":"https:\/\/www.transvoice.se\/en\/","og_locale":"en_GB","og_type":"article","og_title":"Transvoice &#8211; Transvoice","og_description":"Transvoice \u00e4r en tolkf\u00f6rmedling som f\u00f6rmedlar tolk och \u00f6vers\u00e4ttningar i hela landet. Transvoice huvudkontor ligger i Stockholm. Hos oss kan du f\u00e5 hj\u00e4lp med tolk dygnet runt!","og_url":"https:\/\/www.transvoice.se\/en\/","og_site_name":"Transvoice","article_modified_time":"2026-02-16T10:10:37+00:00","twitter_card":"summary_large_image","schema":{"@context":"https:\/\/schema.org","@graph":[{"@type":"WebPage","@id":"https:\/\/www.transvoice.se\/","url":"https:\/\/www.transvoice.se\/","name":"Transvoice &#8211; Transvoice","isPartOf":{"@id":"https:\/\/www.transvoice.se\/#website"},"datePublished":"2019-11-21T11:01:39+00:00","dateModified":"2026-02-16T10:10:37+00:00","description":"Transvoice \u00e4r en tolkf\u00f6rmedling som f\u00f6rmedlar tolk och \u00f6vers\u00e4ttningar i hela landet. Transvoice huvudkontor ligger i Stockholm. Hos oss kan du f\u00e5 hj\u00e4lp med tolk dygnet runt!","breadcrumb":{"@id":"https:\/\/www.transvoice.se\/#breadcrumb"},"inLanguage":"en-GB","potentialAction":[{"@type":"ReadAction","target":["https:\/\/www.transvoice.se\/"]}]},{"@type":"BreadcrumbList","@id":"https:\/\/www.transvoice.se\/#breadcrumb","itemListElement":[{"@type":"ListItem","position":1,"name":"Home","item":"https:\/\/www.transvoice.se\/"},{"@type":"ListItem","position":2,"name":"Transvoice"}]},{"@type":"WebSite","@id":"https:\/\/www.transvoice.se\/#website","url":"https:\/\/www.transvoice.se\/","name":"Transvoice Public Stage","description":"Tolkning &amp; \u00f6vers\u00e4ttning","publisher":{"@id":"https:\/\/www.transvoice.se\/#organization"},"potentialAction":[{"@type":"SearchAction","target":{"@type":"EntryPoint","urlTemplate":"https:\/\/www.transvoice.se\/?s={search_term_string}"},"query-input":"required name=search_term_string"}],"inLanguage":"en-GB"},{"@type":"Organization","@id":"https:\/\/www.transvoice.se\/#organization","name":"Transvoice","url":"https:\/\/www.transvoice.se\/","logo":{"@type":"ImageObject","inLanguage":"en-GB","@id":"https:\/\/www.transvoice.se\/#\/schema\/logo\/image\/","url":"http:\/\/transvoice.se\/wp-content\/uploads\/2020\/03\/Transvoice_logotyp2.png","contentUrl":"http:\/\/transvoice.se\/wp-content\/uploads\/2020\/03\/Transvoice_logotyp2.png","width":1835,"height":498,"caption":"Transvoice"},"image":{"@id":"https:\/\/www.transvoice.se\/#\/schema\/logo\/image\/"},"sameAs":["https:\/\/www.instagram.com\/transvoice.se\/","https:\/\/www.linkedin.com\/company\/transvoice-ab?trk=top_nav_home"]}]}},"_links":{"self":[{"href":"https:\/\/www.transvoice.se\/en\/wp-json\/wp\/v2\/pages\/2"}],"collection":[{"href":"https:\/\/www.transvoice.se\/en\/wp-json\/wp\/v2\/pages"}],"about":[{"href":"https:\/\/www.transvoice.se\/en\/wp-json\/wp\/v2\/types\/page"}],"author":[{"embeddable":true,"href":"https:\/\/www.transvoice.se\/en\/wp-json\/wp\/v2\/users\/2"}],"replies":[{"embeddable":true,"href":"https:\/\/www.transvoice.se\/en\/wp-json\/wp\/v2\/comments?post=2"}],"version-history":[{"count":276,"href":"https:\/\/www.transvoice.se\/en\/wp-json\/wp\/v2\/pages\/2\/revisions"}],"predecessor-version":[{"id":2573,"href":"https:\/\/www.transvoice.se\/en\/wp-json\/wp\/v2\/pages\/2\/revisions\/2573"}],"wp:attachment":[{"href":"https:\/\/www.transvoice.se\/en\/wp-json\/wp\/v2\/media?parent=2"}],"curies":[{"name":"wp","href":"https:\/\/api.w.org\/{rel}","templated":true}]}}